{"id":1359,"date":"2022-05-19T10:03:41","date_gmt":"2022-05-19T08:03:41","guid":{"rendered":"https:\/\/www.voxprotect.com\/specs\/"},"modified":"2025-12-03T13:44:17","modified_gmt":"2025-12-03T12:44:17","slug":"specs","status":"publish","type":"page","link":"https:\/\/www.voxprotect.com\/fr\/specs\/","title":{"rendered":"Specs"},"content":{"rendered":"<p>[et_pb_section fb_built=\u00a0\u00bb1&Prime; admin_label=\u00a0\u00bbArticles\u00a0\u00bb _builder_version=\u00a0\u00bb4.18.0&Prime; max_width=\u00a0\u00bb2560px\u00a0\u00bb max_width_tablet=\u00a0\u00bb2560px\u00a0\u00bb max_width_phone=\u00a0\u00bb2560px\u00a0\u00bb max_width_last_edited=\u00a0\u00bbon|desktop\u00a0\u00bb module_alignment=\u00a0\u00bbcenter\u00a0\u00bb max_height_tablet=\u00a0\u00bb\u00a0\u00bb max_height_phone=\u00a0\u00bb\u00a0\u00bb max_height_last_edited=\u00a0\u00bbon|desktop\u00a0\u00bb global_colors_info=\u00a0\u00bb{}\u00a0\u00bb][et_pb_row custom_padding_last_edited=\u00a0\u00bbon|phone\u00a0\u00bb _builder_version=\u00a0\u00bb4.18.0&Prime; custom_margin_tablet=\u00a0\u00bb\u00a0\u00bb custom_margin_phone=\u00a0\u00bb||0px||false|false\u00a0\u00bb custom_margin_last_edited=\u00a0\u00bbon|phone\u00a0\u00bb custom_padding=\u00a0\u00bb19px||44px|||\u00a0\u00bb custom_padding_tablet=\u00a0\u00bb19px||44px|||\u00a0\u00bb custom_padding_phone=\u00a0\u00bb19px||0px||false|false\u00a0\u00bb locked=\u00a0\u00bboff\u00a0\u00bb global_colors_info=\u00a0\u00bb{}\u00a0\u00bb][et_pb_column type=\u00a0\u00bb4_4&Prime; _builder_version=\u00a0\u00bb4.16&Prime; global_colors_info=\u00a0\u00bb{}\u00a0\u00bb][et_pb_text _builder_version=\u00a0\u00bb4.18.0&Prime; text_font_size=\u00a0\u00bb16px\u00a0\u00bb text_line_height=\u00a0\u00bb1.8em\u00a0\u00bb header_2_font=\u00a0\u00bbIBM Plex Sans Condensed|700|||||||\u00a0\u00bb header_2_font_size=\u00a0\u00bb50px\u00a0\u00bb header_2_line_height=\u00a0\u00bb1.2em\u00a0\u00bb text_orientation=\u00a0\u00bbcenter\u00a0\u00bb max_width=\u00a0\u00bb800px\u00a0\u00bb module_alignment=\u00a0\u00bbcenter\u00a0\u00bb custom_margin_tablet=\u00a0\u00bb\u00a0\u00bb custom_margin_phone=\u00a0\u00bb||0px||false|false\u00a0\u00bb custom_margin_last_edited=\u00a0\u00bbon|phone\u00a0\u00bb custom_padding=\u00a0\u00bb||0px||false|false\u00a0\u00bb custom_padding_tablet=\u00a0\u00bb||0px||false|false\u00a0\u00bb custom_padding_phone=\u00a0\u00bb||0px||false|false\u00a0\u00bb custom_padding_last_edited=\u00a0\u00bbon|phone\u00a0\u00bb header_2_font_size_tablet=\u00a0\u00bb40px\u00a0\u00bb header_2_font_size_phone=\u00a0\u00bb30px\u00a0\u00bb header_2_font_size_last_edited=\u00a0\u00bbon|desktop\u00a0\u00bb locked=\u00a0\u00bboff\u00a0\u00bb global_colors_info=\u00a0\u00bb{}\u00a0\u00bb]<\/p>\n<h2>System Requirements<\/h2>\n<p>[\/et_pb_text][\/et_pb_column][\/et_pb_row][et_pb_row column_structure=\u00a0\u00bb1_2,1_2&Prime; _builder_version=\u00a0\u00bb4.18.0&Prime; _module_preset=\u00a0\u00bbdefault\u00a0\u00bb transform_scale_tablet=\u00a0\u00bb\u00a0\u00bb transform_scale_phone=\u00a0\u00bb\u00a0\u00bb transform_scale_last_edited=\u00a0\u00bbon|phone\u00a0\u00bb transform_translate=\u00a0\u00bb-61px|26px\u00a0\u00bb transform_translate_tablet=\u00a0\u00bb-61px|26px\u00a0\u00bb transform_translate_phone=\u00a0\u00bb0px|0px\u00a0\u00bb transform_translate_last_edited=\u00a0\u00bbon|phone\u00a0\u00bb transform_translate_linked=\u00a0\u00bboff\u00a0\u00bb transform_rotate_tablet=\u00a0\u00bb\u00a0\u00bb transform_rotate_phone=\u00a0\u00bb\u00a0\u00bb transform_rotate_last_edited=\u00a0\u00bbon|phone\u00a0\u00bb transform_skew_tablet=\u00a0\u00bb\u00a0\u00bb transform_skew_phone=\u00a0\u00bb\u00a0\u00bb transform_skew_last_edited=\u00a0\u00bbon|phone\u00a0\u00bb transform_origin_tablet=\u00a0\u00bb\u00a0\u00bb transform_origin_phone=\u00a0\u00bb\u00a0\u00bb transform_origin_last_edited=\u00a0\u00bbon|phone\u00a0\u00bb transform_styles_last_edited=\u00a0\u00bbon|phone\u00a0\u00bb max_width_tablet=\u00a0\u00bb\u00a0\u00bb max_width_phone=\u00a0\u00bb100%\u00a0\u00bb max_width_last_edited=\u00a0\u00bbon|phone\u00a0\u00bb max_height_tablet=\u00a0\u00bb\u00a0\u00bb max_height_phone=\u00a0\u00bb100%\u00a0\u00bb max_height_last_edited=\u00a0\u00bbon|phone\u00a0\u00bb custom_margin=\u00a0\u00bb|auto|-4px|auto||\u00a0\u00bb custom_padding=\u00a0\u00bb||0px|||\u00a0\u00bb transform_styles_tablet=\u00a0\u00bb\u00a0\u00bb transform_styles_phone=\u00a0\u00bb\u00a0\u00bb global_colors_info=\u00a0\u00bb{}\u00a0\u00bb][et_pb_column type=\u00a0\u00bb1_2&Prime; _builder_version=\u00a0\u00bb4.16&Prime; _module_preset=\u00a0\u00bbdefault\u00a0\u00bb global_colors_info=\u00a0\u00bb{}\u00a0\u00bb][et_pb_image src=\u00a0\u00bbhttps:\/\/www.voxprotect.com\/wp-content\/uploads\/2021\/11\/Box.png\u00a0\u00bb title_text=\u00a0\u00bbBox\u00a0\u00bb disabled_on=\u00a0\u00bbon|on|off\u00a0\u00bb _builder_version=\u00a0\u00bb4.18.0&Prime; _module_preset=\u00a0\u00bbdefault\u00a0\u00bb transform_scale=\u00a0\u00bb82%|82%\u00a0\u00bb transform_scale_tablet=\u00a0\u00bb100%|100%\u00a0\u00bb transform_scale_phone=\u00a0\u00bb100%|100%\u00a0\u00bb transform_scale_last_edited=\u00a0\u00bbon|tablet\u00a0\u00bb transform_translate=\u00a0\u00bb-15px|-118px\u00a0\u00bb transform_translate_tablet=\u00a0\u00bb196px|-47px\u00a0\u00bb transform_translate_phone=\u00a0\u00bb196px|-47px\u00a0\u00bb transform_translate_last_edited=\u00a0\u00bbon|tablet\u00a0\u00bb transform_translate_linked=\u00a0\u00bboff\u00a0\u00bb transform_rotate_tablet=\u00a0\u00bb\u00a0\u00bb transform_rotate_phone=\u00a0\u00bb\u00a0\u00bb transform_rotate_last_edited=\u00a0\u00bbon|tablet\u00a0\u00bb transform_skew_tablet=\u00a0\u00bb\u00a0\u00bb transform_skew_phone=\u00a0\u00bb\u00a0\u00bb transform_skew_last_edited=\u00a0\u00bbon|tablet\u00a0\u00bb transform_origin_tablet=\u00a0\u00bb\u00a0\u00bb transform_origin_phone=\u00a0\u00bb\u00a0\u00bb transform_origin_last_edited=\u00a0\u00bbon|tablet\u00a0\u00bb transform_styles_last_edited=\u00a0\u00bbon|tablet\u00a0\u00bb max_width_tablet=\u00a0\u00bb51%\u00a0\u00bb max_width_phone=\u00a0\u00bb51%\u00a0\u00bb max_width_last_edited=\u00a0\u00bbon|tablet\u00a0\u00bb custom_padding=\u00a0\u00bb|0px||||\u00a0\u00bb transform_styles_tablet=\u00a0\u00bb\u00a0\u00bb transform_styles_phone=\u00a0\u00bb\u00a0\u00bb global_colors_info=\u00a0\u00bb{}\u00a0\u00bb][\/et_pb_image][\/et_pb_column][et_pb_column type=\u00a0\u00bb1_2&Prime; _builder_version=\u00a0\u00bb4.16&Prime; _module_preset=\u00a0\u00bbdefault\u00a0\u00bb global_colors_info=\u00a0\u00bb{}\u00a0\u00bb][et_pb_text _builder_version=\u00a0\u00bb4.18.0&Prime; _module_preset=\u00a0\u00bbdefault\u00a0\u00bb text_font_size=\u00a0\u00bb20px\u00a0\u00bb header_text_align=\u00a0\u00bbleft\u00a0\u00bb transform_scale_tablet=\u00a0\u00bb\u00a0\u00bb transform_scale_phone=\u00a0\u00bb\u00a0\u00bb transform_scale_last_edited=\u00a0\u00bbon|phone\u00a0\u00bb transform_translate=\u00a0\u00bb0px|57px\u00a0\u00bb transform_translate_tablet=\u00a0\u00bb\u00a0\u00bb transform_translate_phone=\u00a0\u00bb\u00a0\u00bb transform_translate_last_edited=\u00a0\u00bbon|phone\u00a0\u00bb transform_translate_linked=\u00a0\u00bboff\u00a0\u00bb transform_translate_linked_phone=\u00a0\u00bboff\u00a0\u00bb transform_rotate_tablet=\u00a0\u00bb\u00a0\u00bb transform_rotate_phone=\u00a0\u00bb\u00a0\u00bb transform_rotate_last_edited=\u00a0\u00bbon|phone\u00a0\u00bb transform_skew_tablet=\u00a0\u00bb\u00a0\u00bb transform_skew_phone=\u00a0\u00bb\u00a0\u00bb transform_skew_last_edited=\u00a0\u00bbon|phone\u00a0\u00bb transform_origin_tablet=\u00a0\u00bb\u00a0\u00bb transform_origin_phone=\u00a0\u00bb\u00a0\u00bb transform_origin_last_edited=\u00a0\u00bbon|phone\u00a0\u00bb transform_styles_last_edited=\u00a0\u00bbon|phone\u00a0\u00bb custom_margin=\u00a0\u00bb|||-75px||\u00a0\u00bb custom_margin_tablet=\u00a0\u00bb|||29px|false|false\u00a0\u00bb custom_margin_phone=\u00a0\u00bb-55px||0px|0px|false|false\u00a0\u00bb custom_margin_last_edited=\u00a0\u00bbon|tablet\u00a0\u00bb custom_padding=\u00a0\u00bb|||80px||\u00a0\u00bb custom_padding_tablet=\u00a0\u00bb|||80px||\u00a0\u00bb custom_padding_phone=\u00a0\u00bb0px||53px|0px|false|false\u00a0\u00bb custom_padding_last_edited=\u00a0\u00bbon|tablet\u00a0\u00bb header_text_align_tablet=\u00a0\u00bbleft\u00a0\u00bb header_text_align_phone=\u00a0\u00bbcenter\u00a0\u00bb header_text_align_last_edited=\u00a0\u00bbon|phone\u00a0\u00bb transform_styles_tablet=\u00a0\u00bb\u00a0\u00bb transform_styles_phone=\u00a0\u00bb\u00a0\u00bb text_orientation_tablet=\u00a0\u00bb\u00a0\u00bb text_orientation_phone=\u00a0\u00bbcenter\u00a0\u00bb text_orientation_last_edited=\u00a0\u00bbon|phone\u00a0\u00bb module_alignment_tablet=\u00a0\u00bb\u00a0\u00bb module_alignment_phone=\u00a0\u00bbcenter\u00a0\u00bb module_alignment_last_edited=\u00a0\u00bbon|phone\u00a0\u00bb global_colors_info=\u00a0\u00bb{}\u00a0\u00bb]<strong>EFFET EN MODE MONO UNIQUEMENT<\/strong><\/p>\n<p>VOXPROTECT n\u00e9cessite l\u2019utilisation d\u2019une clef Ilok et d\u2019un compte Ilok \u00e0 jour.<\/p>\n<p>&nbsp;<\/p>\n<p>La mise \u00e0 jour Ilok licence manager est n\u00e9cessaire :\u00a0<a href=\"https:\/\/www.ilok.com\/#!license-manager\">https:\/\/www.ilok.com\/#!license-manager<\/a><\/p>\n<p>Minimum de RAM\u00a0 fortement recommand\u00e9e \u00e0 32 Go minimum.<b><\/b><\/p>\n<p><b>Le plugin est utilisable et recommand\u00e9 en mode \u00ab\u00a0audiosuite\u00a0\u00bb ou en mode offline.<\/b><\/p>\n<p>En mode insert, online, il est limit\u00e9 en nombre de pistes suivant les \u00e9diteurs.[\/et_pb_text][\/et_pb_column][\/et_pb_row][et_pb_row _builder_version=\u00a0\u00bb4.18.0&Prime; _module_preset=\u00a0\u00bbdefault\u00a0\u00bb transform_translate=\u00a0\u00bb0px|-23px\u00a0\u00bb transform_translate_linked=\u00a0\u00bboff\u00a0\u00bb custom_margin=\u00a0\u00bb7px|auto||auto||\u00a0\u00bb custom_margin_tablet=\u00a0\u00bb90px||||false|false\u00a0\u00bb custom_margin_phone=\u00a0\u00bb90px||||false|false\u00a0\u00bb custom_margin_last_edited=\u00a0\u00bbon|tablet\u00a0\u00bb custom_padding=\u00a0\u00bb0px||0px||false|false\u00a0\u00bb global_colors_info=\u00a0\u00bb{}\u00a0\u00bb][et_pb_column type=\u00a0\u00bb4_4&Prime; _builder_version=\u00a0\u00bb4.16&Prime; _module_preset=\u00a0\u00bbdefault\u00a0\u00bb global_colors_info=\u00a0\u00bb{}\u00a0\u00bb][et_pb_text _builder_version=\u00a0\u00bb4.17.4&Prime; _module_preset=\u00a0\u00bbdefault\u00a0\u00bb text_font=\u00a0\u00bb|700|||||||\u00a0\u00bb text_font_size=\u00a0\u00bb25px\u00a0\u00bb custom_margin=\u00a0\u00bb0px||17px|||\u00a0\u00bb custom_padding=\u00a0\u00bb0px|||||\u00a0\u00bb global_colors_info=\u00a0\u00bb{}\u00a0\u00bb]<\/p>\n<p style=\"text-align: center;\"><strong>Voici la liste des \u00e9diteurs test\u00e9s et recommand\u00e9s\u00a0:<\/strong><\/p>\n<p>[\/et_pb_text][\/et_pb_column][\/et_pb_row][et_pb_row column_structure=\u00a0\u00bb1_2,1_2&Prime; _builder_version=\u00a0\u00bb4.18.0&Prime; custom_margin=\u00a0\u00bb1px|auto||auto||\u00a0\u00bb custom_margin_tablet=\u00a0\u00bb0px||||false|false\u00a0\u00bb custom_margin_last_edited=\u00a0\u00bboff|desktop\u00a0\u00bb custom_padding=\u00a0\u00bb0px|||||\u00a0\u00bb locked=\u00a0\u00bboff\u00a0\u00bb global_colors_info=\u00a0\u00bb{}\u00a0\u00bb][et_pb_column type=\u00a0\u00bb1_2&Prime; _builder_version=\u00a0\u00bb4.16&Prime; background_color=\u00a0\u00bb#ffffff\u00a0\u00bb custom_padding=\u00a0\u00bb30px|30px|30px|30px|true|true\u00a0\u00bb link_option_url=\u00a0\u00bb#\u00a0\u00bb border_radii=\u00a0\u00bbon|10px|10px|10px|10px\u00a0\u00bb box_shadow_style=\u00a0\u00bbpreset3&Prime; box_shadow_vertical=\u00a0\u00bb47px\u00a0\u00bb box_shadow_blur=\u00a0\u00bb48px\u00a0\u00bb box_shadow_spread=\u00a0\u00bb0px\u00a0\u00bb box_shadow_color=\u00a0\u00bbrgba(100,146,188,0.2)\u00a0\u00bb global_colors_info=\u00a0\u00bb{}\u00a0\u00bb transform_styles__hover_enabled=\u00a0\u00bbon|hover\u00a0\u00bb transform_scale__hover_enabled=\u00a0\u00bbon|hover\u00a0\u00bb transform_scale__hover=\u00a0\u00bb103%|103%\u00a0\u00bb][et_pb_text _builder_version=\u00a0\u00bb4.17.4&Prime; text_font=\u00a0\u00bb||||||||\u00a0\u00bb text_font_size=\u00a0\u00bb16px\u00a0\u00bb text_line_height=\u00a0\u00bb1.8em\u00a0\u00bb header_3_font=\u00a0\u00bbIBM Plex Sans Condensed|700|||||||\u00a0\u00bb header_3_font_size=\u00a0\u00bb20px\u00a0\u00bb header_3_line_height=\u00a0\u00bb1.2em\u00a0\u00bb text_font_size_tablet=\u00a0\u00bb16px\u00a0\u00bb text_font_size_phone=\u00a0\u00bb14px\u00a0\u00bb text_font_size_last_edited=\u00a0\u00bbon|phone\u00a0\u00bb locked=\u00a0\u00bboff\u00a0\u00bb global_colors_info=\u00a0\u00bb{}\u00a0\u00bb]<\/p>\n<h3><img loading=\"lazy\" decoding=\"async\" class=\"wp-image-192 alignnone size-medium\" style=\"display: block; margin-left: auto; margin-right: auto;\" src=\"https:\/\/prod.voxprotect.com\/wp-content\/uploads\/2021\/11\/sticker-logo-apple-ambiance-sticker-ros-apple-300x300.png\" alt=\"\" width=\"40\" height=\"40\" srcset=\"https:\/\/www.voxprotect.com\/wp-content\/uploads\/2021\/11\/sticker-logo-apple-ambiance-sticker-ros-apple-300x300.png 300w, https:\/\/www.voxprotect.com\/wp-content\/uploads\/2021\/11\/sticker-logo-apple-ambiance-sticker-ros-apple-150x150.png 150w, https:\/\/www.voxprotect.com\/wp-content\/uploads\/2021\/11\/sticker-logo-apple-ambiance-sticker-ros-apple-768x768.png 768w, https:\/\/www.voxprotect.com\/wp-content\/uploads\/2021\/11\/sticker-logo-apple-ambiance-sticker-ros-apple-480x480.png 480w, https:\/\/www.voxprotect.com\/wp-content\/uploads\/2021\/11\/sticker-logo-apple-ambiance-sticker-ros-apple.png 800w\" sizes=\"(max-width: 40px) 100vw, 40px\" \/><\/h3>\n<h3 style=\"text-align: center;\">Apple Mac Os<\/h3>\n<p>&nbsp;<\/p>\n<ul>\n<li>\n<ul>\n<li><strong>Dossier syst\u00e8me compatible de MAC OS 10.14 Jusqu\u2019\u00e0 14.<\/strong><\/li>\n<\/ul>\n<p>\u00a0 \u00a0<\/p>\n<ul>\n<li><strong>Version AAX : <\/strong> -Protools deux pistes en insert max.-Media composer deux pistes en insert max.<\/li>\n<\/ul>\n<p>\u00a0 \u00a0<\/p>\n<ul>\n<li><strong>Version AU :<\/strong>-Audition une piste en insert max. -Premiere Pro une piste en insert max.<\/li>\n<\/ul>\n<p>\u00a0 \u00a0 \u00a0<\/p>\n<ul>\n<li><strong>Version VST3\u00a0: <\/strong> -Audition une piste en insert max.-Premiere Pro une piste en insert max. -Nuendo Deux pistes en insert max. -Davinci resolve deux pistes en insert max.<\/li>\n<\/ul>\n<\/li>\n<\/ul>\n<p>[\/et_pb_text][\/et_pb_column][et_pb_column type=\u00a0\u00bb1_2&Prime; _builder_version=\u00a0\u00bb4.18.0&Prime; background_color=\u00a0\u00bb#ffffff\u00a0\u00bb custom_padding=\u00a0\u00bb30px|30px|176px|30px|false|true\u00a0\u00bb link_option_url=\u00a0\u00bb#\u00a0\u00bb border_radii=\u00a0\u00bbon|10px|10px|10px|10px\u00a0\u00bb box_shadow_style=\u00a0\u00bbpreset3&Prime; box_shadow_vertical=\u00a0\u00bb47px\u00a0\u00bb box_shadow_blur=\u00a0\u00bb48px\u00a0\u00bb box_shadow_spread=\u00a0\u00bb0px\u00a0\u00bb box_shadow_color=\u00a0\u00bbrgba(100,146,188,0.2)\u00a0\u00bb global_colors_info=\u00a0\u00bb{}\u00a0\u00bb transform_styles__hover_enabled=\u00a0\u00bbon|hover\u00a0\u00bb transform_scale__hover_enabled=\u00a0\u00bbon|hover\u00a0\u00bb transform_translate__hover_enabled=\u00a0\u00bbon|desktop\u00a0\u00bb transform_rotate__hover_enabled=\u00a0\u00bbon|desktop\u00a0\u00bb transform_skew__hover_enabled=\u00a0\u00bbon|desktop\u00a0\u00bb transform_origin__hover_enabled=\u00a0\u00bbon|desktop\u00a0\u00bb transform_scale__hover=\u00a0\u00bb103%|103%\u00a0\u00bb][et_pb_text _builder_version=\u00a0\u00bb4.17.4&Prime; text_font=\u00a0\u00bb||||||||\u00a0\u00bb text_font_size=\u00a0\u00bb16px\u00a0\u00bb text_line_height=\u00a0\u00bb1.8em\u00a0\u00bb header_3_font=\u00a0\u00bbIBM Plex Sans Condensed|700|||||||\u00a0\u00bb header_3_font_size=\u00a0\u00bb20px\u00a0\u00bb header_3_line_height=\u00a0\u00bb1.2em\u00a0\u00bb text_font_size_tablet=\u00a0\u00bb16px\u00a0\u00bb text_font_size_phone=\u00a0\u00bb14px\u00a0\u00bb text_font_size_last_edited=\u00a0\u00bbon|phone\u00a0\u00bb locked=\u00a0\u00bboff\u00a0\u00bb global_colors_info=\u00a0\u00bb{}\u00a0\u00bb]<\/p>\n<h3><img loading=\"lazy\" decoding=\"async\" class=\"wp-image-1084 alignnone size-medium\" style=\"display: block; margin-left: auto; margin-right: auto;\" src=\"https:\/\/www.voxprotect.com\/wp-content\/uploads\/2021\/11\/Windows_logo_-_2012.svg_-300x300.png\" alt=\"\" width=\"48\" height=\"48\" \/><\/h3>\n<h3 style=\"text-align: center;\">Microsoft Windows<\/h3>\n<p>&nbsp;<\/p>\n<ul>\n<li>\n<ul>\n<li><strong>Dossier syst\u00e8me windows 10 et 11 uniquement<\/strong><\/li>\n<\/ul>\n<p>\u00a0 \u00a0 \u00a0<\/p>\n<ul>\n<li><strong>Version AAX\u00a0:<\/strong>-Protools deux pistes en insert max. -Media composer une piste en insert max.<\/li>\n<\/ul>\n<p>\u00a0 \u00a0 \u00a0<\/p>\n<ul>\n<li><strong>Version VST3\u00a0:<\/strong>-Audition une piste en insert max. -Premiere Pro une piste en insert max. -Nuendo Deux pistes en insert max. -Davinci resolve deux pistes en insert max.<\/li>\n<\/ul>\n<\/li>\n<\/ul>\n<p>[\/et_pb_text][\/et_pb_column][\/et_pb_row][\/et_pb_section]<\/p>\n","protected":false},"excerpt":{"rendered":"<p>System RequirementsEFFET EN MODE MONO UNIQUEMENT VOXPROTECT n\u00e9cessite l\u2019utilisation d\u2019une clef Ilok et d\u2019un compte Ilok \u00e0 jour. &nbsp; La mise \u00e0 jour Ilok licence manager est n\u00e9cessaire :\u00a0https:\/\/www.ilok.com\/#!license-manager Minimum de RAM\u00a0 fortement recommand\u00e9e \u00e0 32 Go minimum. Le plugin est utilisable et recommand\u00e9 en mode \u00ab\u00a0audiosuite\u00a0\u00bb ou en mode offline. En mode insert, online, [&hellip;]<\/p>\n","protected":false},"author":2,"featured_media":0,"parent":0,"menu_order":0,"comment_status":"closed","ping_status":"closed","template":"","meta":{"_et_pb_use_builder":"on","_et_pb_old_content":"","_et_gb_content_width":"","footnotes":""},"class_list":["post-1359","page","type-page","status-publish","hentry"],"_links":{"self":[{"href":"https:\/\/www.voxprotect.com\/fr\/wp-json\/wp\/v2\/pages\/1359","targetHints":{"allow":["GET"]}}],"collection":[{"href":"https:\/\/www.voxprotect.com\/fr\/wp-json\/wp\/v2\/pages"}],"about":[{"href":"https:\/\/www.voxprotect.com\/fr\/wp-json\/wp\/v2\/types\/page"}],"author":[{"embeddable":true,"href":"https:\/\/www.voxprotect.com\/fr\/wp-json\/wp\/v2\/users\/2"}],"replies":[{"embeddable":true,"href":"https:\/\/www.voxprotect.com\/fr\/wp-json\/wp\/v2\/comments?post=1359"}],"version-history":[{"count":37,"href":"https:\/\/www.voxprotect.com\/fr\/wp-json\/wp\/v2\/pages\/1359\/revisions"}],"predecessor-version":[{"id":2418,"href":"https:\/\/www.voxprotect.com\/fr\/wp-json\/wp\/v2\/pages\/1359\/revisions\/2418"}],"wp:attachment":[{"href":"https:\/\/www.voxprotect.com\/fr\/wp-json\/wp\/v2\/media?parent=1359"}],"curies":[{"name":"wp","href":"https:\/\/api.w.org\/{rel}","templated":true}]}}