{"id":1410,"date":"2022-05-19T10:46:00","date_gmt":"2022-05-19T08:46:00","guid":{"rendered":"https:\/\/www.voxprotect.com\/mentions-dinformation\/"},"modified":"2022-08-31T12:14:52","modified_gmt":"2022-08-31T10:14:52","slug":"mentions-dinformation","status":"publish","type":"page","link":"https:\/\/www.voxprotect.com\/fr\/mentions-dinformation\/","title":{"rendered":"Mentions d\u2019information"},"content":{"rendered":"<p>[et_pb_section fb_built=\u00a0\u00bb1&Prime; admin_label=\u00a0\u00bbCLUF\u00a0\u00bb _builder_version=\u00a0\u00bb4.16&Prime; use_background_color_gradient=\u00a0\u00bbon\u00a0\u00bb background_color_gradient_stops=\u00a0\u00bbgcid-73950857-9c87-485c-8a2d-1a64109f50b4 0%|gcid-894237d2-5deb-428c-aca5-2ad7a196f9d9 100%\u00a0\u00bb background_color_gradient_start=\u00a0\u00bbgcid-73950857-9c87-485c-8a2d-1a64109f50b4&Prime; background_color_gradient_end=\u00a0\u00bbgcid-894237d2-5deb-428c-aca5-2ad7a196f9d9&Prime; background_image=\u00a0\u00bbhttps:\/\/www.voxprotect.com\/wp-content\/uploads\/2021\/10\/coding-background-texture.jpg\u00a0\u00bb background_blend=\u00a0\u00bboverlay\u00a0\u00bb max_width=\u00a0\u00bb2560px\u00a0\u00bb module_alignment=\u00a0\u00bbcenter\u00a0\u00bb custom_padding=\u00a0\u00bb100px|0px|86px|0px|false|false\u00a0\u00bb animation_style=\u00a0\u00bbslide\u00a0\u00bb animation_direction=\u00a0\u00bbtop\u00a0\u00bb animation_intensity_slide=\u00a0\u00bb2%\u00a0\u00bb hover_enabled=\u00a0\u00bb0&Prime; box_shadow_style=\u00a0\u00bbpreset7&Prime; box_shadow_horizontal=\u00a0\u00bb0px\u00a0\u00bb box_shadow_vertical=\u00a0\u00bb0px\u00a0\u00bb box_shadow_color=\u00a0\u00bb#ffffff\u00a0\u00bb locked=\u00a0\u00bboff\u00a0\u00bb global_colors_info=\u00a0\u00bb{%22gcid-73950857-9c87-485c-8a2d-1a64109f50b4%22:%91%22colorStart%22%93,%22gcid-894237d2-5deb-428c-aca5-2ad7a196f9d9%22:%91%22colorEnd%22%93}\u00a0\u00bb sticky_enabled=\u00a0\u00bb0&Prime;][et_pb_row _builder_version=\u00a0\u00bb4.16&Prime; custom_margin=\u00a0\u00bb-30px|auto||auto||\u00a0\u00bb custom_padding=\u00a0\u00bb27px|0px|45px|0px||\u00a0\u00bb custom_width_px=\u00a0\u00bb1280px\u00a0\u00bb global_colors_info=\u00a0\u00bb{}\u00a0\u00bb][et_pb_column type=\u00a0\u00bb4_4&Prime; _builder_version=\u00a0\u00bb4.16&Prime; custom_padding=\u00a0\u00bb|||\u00a0\u00bb global_colors_info=\u00a0\u00bb{}\u00a0\u00bb custom_padding__hover=\u00a0\u00bb|||\u00a0\u00bb][et_pb_text _builder_version=\u00a0\u00bb4.18.0&Prime; header_font=\u00a0\u00bb|on|||\u00a0\u00bb header_font_size=\u00a0\u00bb65px\u00a0\u00bb header_line_height=\u00a0\u00bb1.3em\u00a0\u00bb text_orientation=\u00a0\u00bbcenter\u00a0\u00bb background_layout=\u00a0\u00bbdark\u00a0\u00bb max_width=\u00a0\u00bb530px\u00a0\u00bb module_alignment=\u00a0\u00bbcenter\u00a0\u00bb custom_padding=\u00a0\u00bb|||\u00a0\u00bb hover_enabled=\u00a0\u00bb0&Prime; header_font_size_tablet=\u00a0\u00bb\u00a0\u00bb header_font_size_phone=\u00a0\u00bb52px\u00a0\u00bb header_font_size_last_edited=\u00a0\u00bbon|desktop\u00a0\u00bb locked=\u00a0\u00bboff\u00a0\u00bb global_colors_info=\u00a0\u00bb{}\u00a0\u00bb sticky_enabled=\u00a0\u00bb0&Prime;]<\/p>\n<h1>Mentions d&rsquo;information<\/h1>\n<p>[\/et_pb_text][et_pb_text _builder_version=\u00a0\u00bb4.17.4&Prime; text_text_color=\u00a0\u00bb#FFFFFF\u00a0\u00bb text_font_size=\u00a0\u00bb17px\u00a0\u00bb text_line_height=\u00a0\u00bb1.9em\u00a0\u00bb text_orientation=\u00a0\u00bbcenter\u00a0\u00bb max_width=\u00a0\u00bb540px\u00a0\u00bb module_alignment=\u00a0\u00bbcenter\u00a0\u00bb locked=\u00a0\u00bboff\u00a0\u00bb global_colors_info=\u00a0\u00bb{}\u00a0\u00bb]<\/p>\n<p>Merci de valider nos informations pour nous contacter<\/p>\n<p>[\/et_pb_text][\/et_pb_column][\/et_pb_row][et_pb_row use_custom_gutter=\u00a0\u00bbon\u00a0\u00bb gutter_width=\u00a0\u00bb1&Prime; make_equal=\u00a0\u00bbon\u00a0\u00bb admin_label=\u00a0\u00bbContact Info\u00a0\u00bb _builder_version=\u00a0\u00bb4.18.0&Prime; background_color=\u00a0\u00bb#ffffff\u00a0\u00bb custom_margin=\u00a0\u00bb4px|auto||auto||\u00a0\u00bb custom_padding=\u00a0\u00bb0px|0px|0px|0px\u00a0\u00bb animation_style=\u00a0\u00bbzoom\u00a0\u00bb animation_intensity_zoom=\u00a0\u00bb10%\u00a0\u00bb animation_starting_opacity=\u00a0\u00bb100%\u00a0\u00bb hover_enabled=\u00a0\u00bb0&Prime; box_shadow_style=\u00a0\u00bbpreset1&Prime; box_shadow_vertical=\u00a0\u00bb10px\u00a0\u00bb box_shadow_blur=\u00a0\u00bb60px\u00a0\u00bb box_shadow_color=\u00a0\u00bbrgba(71,74,182,0.12)\u00a0\u00bb global_colors_info=\u00a0\u00bb{}\u00a0\u00bb max_width_last_edited=\u00a0\u00bbon|phone\u00a0\u00bb max_width_phone=\u00a0\u00bb100%\u00a0\u00bb width_last_edited=\u00a0\u00bbon|phone\u00a0\u00bb width_phone=\u00a0\u00bb100%\u00a0\u00bb sticky_enabled=\u00a0\u00bb0&Prime;][et_pb_column type=\u00a0\u00bb4_4&Prime; _builder_version=\u00a0\u00bb4.16&Prime; custom_padding=\u00a0\u00bb60px|40px|60px|40px\u00a0\u00bb global_colors_info=\u00a0\u00bb{}\u00a0\u00bb custom_padding__hover=\u00a0\u00bb|||\u00a0\u00bb][et_pb_text _builder_version=\u00a0\u00bb4.17.4&Prime; text_text_color=\u00a0\u00bb#000000&Prime; text_font_size=\u00a0\u00bb16px\u00a0\u00bb text_line_height=\u00a0\u00bb3em\u00a0\u00bb background_layout=\u00a0\u00bbdark\u00a0\u00bb custom_margin=\u00a0\u00bb-23px||40px|||\u00a0\u00bb global_colors_info=\u00a0\u00bb{}\u00a0\u00bb]<span style=\"font-weight: 400;\"><\/span><\/p>\n<p><strong>1. <\/strong><strong>Mention dans le formulaire de contact<\/strong><\/p>\n<p>Les informations recueillies sur ce formulaire sont enregistr\u00e9es dans un fichier informatis\u00e9 n\u00e9cessaire pour la gestion de nos clients.<\/p>\n<p>En soumettant ce formulaire, j\u2019accepte que les informations saisies soient exploit\u00e9es dans le cadre de ma demande de contact et de la relation commerciale qui pourrait en d\u00e9couler. Elles sont conserv\u00e9es pendant une dur\u00e9e maximum de 5 ans suivant la fin de la relation commerciale et ne sont transmises \u00e0 aucun tiers sans votre accord, hors obligation l\u00e9gale. Conform\u00e9ment \u00e0 la <a href=\"[https:\/\/www.cnil.fr\/fr\/loi-78-17-du-6-janvier-1978-modifiee](https:\/\/www.cnil.fr\/fr\/loi-78-17-du-6-janvier-1978-modifiee)\">loi \u00ab informatique et libert\u00e9s \u00bb<\/a> du 6 janvier 1978 modifi\u00e9e, vous disposez d\u2019un droit d\u2019acc\u00e8s, de rectification, de suppression et de portabilit\u00e9 des donn\u00e9es collect\u00e9es, que vous pouvez exercer par le pr\u00e9sent formulaire, par courrier ou par t\u00e9l\u00e9phone aupr\u00e8s de SWEALINK.<\/p>\n<p>Pour connaitre et exercer vos droits, veuillez consulter notre politique de confidentialit\u00e9<\/p>\n<p><span style=\"font-weight: 400;\">NB\u00a0: si le client ne coche pas la case, le formulaire ne doit pouvoir \u00eatre valid\u00e9<\/span><\/p>\n<p><strong>2. Politique de confidentialit\u00e9<\/strong><\/p>\n<p>Voir ci-joint notre <a href=\"[https:\/\/www.voxprotect.com\/politique-de-confidentialite\/](https:\/\/www.voxprotect.com\/politique-de-confidentialite\/)\">politique de confidentialit\u00e9.<\/a><\/p>\n<p><strong>3. Cookies<\/strong><\/p>\n<p><span style=\"font-weight: 400;\">C\u2019est le prestataire web qui installe un module de gestion des diff\u00e9rents cookies.<\/span><\/p>\n<p><span style=\"font-weight: 400;\">Il convient d\u2019informer l\u2019internaute de la pr\u00e9sence de cookies, de leurs diff\u00e9rentes cat\u00e9gories, et de recueillir son consentement.<\/span><\/p>\n<p><span style=\"font-weight: 400;\">Ce m\u00eame module doit permettre \u00e0, tout moment, de retirer le consentement donn\u00e9.<\/span>[\/et_pb_text][et_pb_button button_url=\u00a0\u00bb@ET-DC@eyJkeW5hbWljIjp0cnVlLCJjb250ZW50IjoicG9zdF9saW5rX3VybF9wYWdlIiwic2V0dGluZ3MiOnsicG9zdF9pZCI6IjEwMDYifX0=@\u00a0\u00bb button_text=\u00a0\u00bbJe valide\u00a0\u00bb button_alignment=\u00a0\u00bbcenter\u00a0\u00bb _builder_version=\u00a0\u00bb4.17.4&Prime; _dynamic_attributes=\u00a0\u00bbbutton_url\u00a0\u00bb _module_preset=\u00a0\u00bbdefault\u00a0\u00bb custom_button=\u00a0\u00bbon\u00a0\u00bb button_text_size=\u00a0\u00bb20px\u00a0\u00bb button_text_color=\u00a0\u00bb#FFFFFF\u00a0\u00bb button_bg_color=\u00a0\u00bb#3a3a3a\u00a0\u00bb button_bg_color_gradient_direction=\u00a0\u00bb120deg\u00a0\u00bb button_bg_color_gradient_stops=\u00a0\u00bbgcid-894237d2-5deb-428c-aca5-2ad7a196f9d9 0%|#e09900 100%\u00a0\u00bb button_bg_color_gradient_start=\u00a0\u00bbgcid-894237d2-5deb-428c-aca5-2ad7a196f9d9&Prime; button_bg_color_gradient_end=\u00a0\u00bb#e09900&Prime; button_border_width=\u00a0\u00bb2px\u00a0\u00bb button_border_color=\u00a0\u00bb#3a3a3a\u00a0\u00bb button_icon=\u00a0\u00bb&#x52;||divi||400&Prime; locked=\u00a0\u00bboff\u00a0\u00bb global_colors_info=\u00a0\u00bb{%22gcid-894237d2-5deb-428c-aca5-2ad7a196f9d9%22:%91%22colorStart%22%93}\u00a0\u00bb][\/et_pb_button][\/et_pb_column][\/et_pb_row][\/et_pb_section]<\/p>\n","protected":false},"excerpt":{"rendered":"<p>Mentions d&rsquo;informationMerci de valider nos informations pour nous contacter 1. Mention dans le formulaire de contact Les informations recueillies sur ce formulaire sont enregistr\u00e9es dans un fichier informatis\u00e9 n\u00e9cessaire pour la gestion de nos clients. En soumettant ce formulaire, j\u2019accepte que les informations saisies soient exploit\u00e9es dans le cadre de ma demande de contact et [&hellip;]<\/p>\n","protected":false},"author":2,"featured_media":0,"parent":0,"menu_order":0,"comment_status":"closed","ping_status":"closed","template":"","meta":{"_et_pb_use_builder":"on","_et_pb_old_content":"","_et_gb_content_width":"","footnotes":""},"class_list":["post-1410","page","type-page","status-publish","hentry"],"_links":{"self":[{"href":"https:\/\/www.voxprotect.com\/fr\/wp-json\/wp\/v2\/pages\/1410","targetHints":{"allow":["GET"]}}],"collection":[{"href":"https:\/\/www.voxprotect.com\/fr\/wp-json\/wp\/v2\/pages"}],"about":[{"href":"https:\/\/www.voxprotect.com\/fr\/wp-json\/wp\/v2\/types\/page"}],"author":[{"embeddable":true,"href":"https:\/\/www.voxprotect.com\/fr\/wp-json\/wp\/v2\/users\/2"}],"replies":[{"embeddable":true,"href":"https:\/\/www.voxprotect.com\/fr\/wp-json\/wp\/v2\/comments?post=1410"}],"version-history":[{"count":16,"href":"https:\/\/www.voxprotect.com\/fr\/wp-json\/wp\/v2\/pages\/1410\/revisions"}],"predecessor-version":[{"id":2043,"href":"https:\/\/www.voxprotect.com\/fr\/wp-json\/wp\/v2\/pages\/1410\/revisions\/2043"}],"wp:attachment":[{"href":"https:\/\/www.voxprotect.com\/fr\/wp-json\/wp\/v2\/media?parent=1410"}],"curies":[{"name":"wp","href":"https:\/\/api.w.org\/{rel}","templated":true}]}}